{"id":213,"date":"2025-08-05T09:00:00","date_gmt":"2025-08-05T09:00:00","guid":{"rendered":"https:\/\/gentedimarehh.it\/?page_id=213"},"modified":"2025-08-24T10:41:09","modified_gmt":"2025-08-24T10:41:09","slug":"allgemeine-geschaeftsbedingungen","status":"publish","type":"page","link":"https:\/\/gentedimarehh.it\/index.php\/de\/allgemeine-geschaeftsbedingungen\/","title":{"rendered":"ALLGEMEINE GESCH\u00c4FTSBEDINGUNGEN"},"content":{"rendered":"\n  <div class=\"banner has-hover\" id=\"banner-815554599\">\n          <div class=\"banner-inner fill\">\n        <div class=\"banner-bg fill\" >\n                                                \n                    <\/div>\n\t\t\t<div class=\"ux-shape-divider ux-shape-divider--top ux-shape-divider--style-waves-opacity\">\n\t\t<svg viewBox=\"0 0 1000 300\" xmlns=\"http:\/\/www.w3.org\/2000\/svg\" preserveAspectRatio=\"none\">\n    <path class=\"ux-shape-fill\" d=\"M0 300L-1 69.71C216 57 299.47 198.86 403 226C506 253 577 196 660 197C740 198 790.09 234.07 874 267C935.23 291 982 282.61 1000 277.61V300H0Z\"\/>\n    <path class=\"ux-shape-fill\" opacity=\"0.5\" d=\"M1 265.094L0 50.5C217 37.79 300.47 186.36 404 213.5C507 240.5 578 196.5 661 197.5C741 198.5 787.59 239.57 871.5 272.5C932.73 296.5 980.5 284.5 998.5 279.5V298.5L1 265.094Z\"\/>\n    <path class=\"ux-shape-fill\" opacity=\"0.15\" d=\"M0.999878 244.094L-0.00012207 27C217 14.29 300.47 173.86 404 201C507 228 578 196 661 197C741 198 787.59 243.07 871.5 276C932.73 300 980.5 284.5 998.5 279.5V299L0.999878 244.094Z\"\/>\n<\/svg>\n\n\t<\/div>\n\n        <div class=\"banner-layers container\">\n            <div class=\"fill banner-link\"><\/div>            \n   <div id=\"text-box-312591877\" class=\"text-box banner-layer x50 md-x50 lg-x50 y50 md-y50 lg-y50 res-text\">\n                                <div class=\"text-box-content text dark\">\n              \n              <div class=\"text-inner text-center\">\n                  \n<h2 class=\"uppercase\">ALLGEMEINE GESCH\u00c4FTSBEDINGUNGEN<\/h2>\n<p class=\"uppercase\">gente di mare holiday house<\/p>\n              <\/div>\n           <\/div>\n                            \n<style>\n#text-box-312591877 {\n  width: 60%;\n}\n#text-box-312591877 .text-box-content {\n  font-size: 100%;\n}\n@media (min-width:550px) {\n  #text-box-312591877 {\n    width: 79%;\n  }\n}\n<\/style>\n    <\/div>\n \n        <\/div>\n      <\/div>\n\n            \n<style>\n#banner-815554599 {\n  padding-top: 300px;\n  background-color: #000080;\n}\n#banner-815554599 .ux-shape-divider--top svg {\n  height: 100px;\n  --divider-top-width: 100%;\n}\n<\/style>\n  <\/div>\n\n\n\n\t<section class=\"section has-mask mask-arrow\" id=\"section_315309847\">\n\t\t<div class=\"section-bg fill\" >\n\t\t\t\t\t\t\t\t\t\n\t\t\t\n\t<div class=\"is-border\"\n\t\tstyle=\"border-color:rgb(235, 235, 235);border-width:1px 0px 0px 0px;\">\n\t<\/div>\n\n\t\t<\/div>\n\n\t\t\n\n\t\t<div class=\"section-content relative\">\n\t\t\t\n<div class=\"row row-large align-middle align-center\"  id=\"row-1180641594\">\n\n\t<div id=\"col-4668896\" class=\"col medium-5 small-12 large-5\"  >\n\t\t\t\t<div class=\"col-inner text-center\"  >\n\t\t\t\n\t\t\t\n<h3 style=\"text-align: left;\"><strong>F\u00fcr einen angenehmen und sicheren Aufenthalt ist es notwendig, die Hausordnung zu kennen und zu befolgen, die vom gesunden Menschenverstand und Respekt gegen\u00fcber anderen gepr\u00e4gt ist.<\/strong><\/h3>\n\t\t<\/div>\n\t\t\t\t\t<\/div>\n\n\t\n\n\t<div id=\"col-703609685\" class=\"col medium-7 small-12 large-7\"  >\n\t\t\t\t<div class=\"col-inner box-shadow-2 box-shadow-5-hover\" style=\"background-color:rgb(255, 255, 255);\" >\n\t\t\t\n\t\t\t\n<p style=\"text-align: justify;\">\"GE<strong>NTE DI MARE HOLYDAY HOUSE\u201d<\/strong> ist ausschlie\u00dflich f\u00fcr G\u00e4ste mit Reservierung reserviert, daher ist der Zutritt f\u00fcr Unbefugte verboten.<\/p>\n<p style=\"text-align: justify;\"><strong>Dokumente: Alle G\u00e4ste m\u00fcssen zur Registrierung ihren Reisepass (wenn sie Ausl\u00e4nder sind) oder einen g\u00fcltigen Personalausweis vorlegen.<\/strong><\/p>\n\t\t<\/div>\n\t\t\t\t\n<style>\n#col-703609685 > .col-inner {\n  padding: 15px 15px 15px 15px;\n  border-radius: 19px;\n}\n<\/style>\n\t<\/div>\n\n\t\n<\/div>\n\t\t<\/div>\n\n\t\t\n<style>\n#section_315309847 {\n  padding-top: 59px;\n  padding-bottom: 59px;\n  min-height: 300px;\n  background-color: rgb(228, 228, 228);\n}\n<\/style>\n\t<\/section>\n\t\n\n\t<section class=\"section\" id=\"section_2050529698\">\n\t\t<div class=\"section-bg fill\" >\n\t\t\t\t\t\t\t\t\t\n\t\t\t\n\t<div class=\"is-border\"\n\t\tstyle=\"border-color:rgb(235, 235, 235);border-width:1px 0px 0px 0px;\">\n\t<\/div>\n\n\t\t<\/div>\n\n\t\t\n\n\t\t<div class=\"section-content relative\">\n\t\t\t\n<div class=\"row\"  id=\"row-2110569202\">\n\n\t<div id=\"col-1069611133\" class=\"col medium-6 small-12 large-6\"  >\n\t\t\t\t<div class=\"col-inner\"  >\n\t\t\t\n\t\t\t\n<p><strong>CHECK-IN<\/strong> Bitte kontaktieren Sie uns \u00fcber WhatsApp. Nach \u00dcbermittlung der Dokumente erhalten Sie die Codes zum \u00d6ffnen des Haustors und der Wohnungst\u00fcr.<\/p>\n<p>Im Haus finden Sie zwei RFID-Armb\u00e4nder, zwei RFID-Kappen und zwei Schl\u00fcssel.<\/p>\n<p><strong>EMPFOHLEN:<\/strong><\/p>\n<ul>\n<li>Haustiere sind nicht erlaubt.<\/li>\n<li>Rauchen ist verboten.<\/li>\n<li>Schlie\u00dfen Sie nach Gebrauch das Gasventil des Herdes.<\/li>\n<li>Werfen Sie nichts in die Toilette, verwenden Sie den Papierkorb f\u00fcr<\/li>\n<li>Toilettenpapier und anderen Abfall.<\/li>\n<li>Verwenden Sie Utensilien und Haushaltsger\u00e4te gem\u00e4\u00df der Gebrauchsanweisung.<\/li>\n<li>Schalten Sie das Licht aus, wenn Sie die Wohnung verlassen.<\/li>\n<li>Schlie\u00dfen Sie T\u00fcren und Fenster w\u00e4hrend Ihrer Abwesenheit.<\/li>\n<li>Waschen, trocknen und verstauen Sie Geschirr, Utensilien und<\/li>\n<li>Haushaltsger\u00e4te nach Gebrauch.<\/li>\n<li>Lassen Sie Ger\u00e4te nicht unbeaufsichtigt an der Steckdose angeschlossen.<\/li>\n<li>Verschwenden Sie kein Wasser.<\/li>\n<li>Lassen Sie die Klimaanlage w\u00e4hrend Ihrer Abwesenheit nicht laufen und schlie\u00dfen Sie die Fenster, wenn Sie sie benutzen.<\/li>\n<li>Stellen Sie den Fernseher oder die Musik so ein, dass die Lautst\u00e4rke angemessen ist und niemanden st\u00f6rt.<\/li>\n<li>Sichern Sie die Badezimmert\u00fcr mit dem Haken, wenn sie offen ist, um gef\u00e4hrliches Zuschlagen zu vermeiden.<\/li>\n<li>Vermeiden Sie L\u00e4rm zwischen 13:00 und 16:00 Uhr sowie zwischen 22:00 und 08:00 Uhr.<\/li>\n<li>M\u00fclltrennung Die M\u00fclltonnen befinden sich in der Via Milazzo gegen\u00fcber dem Eingang zum Treppenhaus 55 des Wohnhauses. Verwenden Sie die daf\u00fcr vorgesehene Karte f\u00fcr die M\u00fcllentsorgung.<\/li>\n<\/ul>\n<p>Kostenloses Internet und WLAN, das Passwort finden Sie im G\u00e4stebuch im Haus.<\/p>\n<p>Smart Speaker f\u00fcr die Wiedergabe von Musikinhalten. (Sie m\u00fcssen die SONOS-App installieren oder Ihr Spotify verwenden).<\/p>\n\t\t<\/div>\n\t\t\t\t\t<\/div>\n\n\t\n\n\t<div id=\"col-1587664574\" class=\"col medium-6 small-12 large-6\"  >\n\t\t\t\t<div class=\"col-inner\"  >\n\t\t\t\n\t\t\t\n<p><strong>CHECK-OUT<\/strong> bis 10:00 Uhr, Reinigung zuvor. Wir erheben keine Pauschale f\u00fcr die Reinigung. Die Wohnung wird gereinigt und muss bei der Abreise in demselben Zustand zur\u00fcckgegeben werden (Besen, Wischtuch + M\u00fclleimer, K\u00fchl-\/Gefrierschrank geleert). Wenn Sie dies nicht tun, werde ich Ihnen \u00fcber Booking eine finanzielle Entsch\u00e4digung von mindestens 30 Euro in Rechnung stellen, abh\u00e4ngig von der f\u00fcr die Reinigung aufgewendeten Zeit.<\/p>\n<p>Hinterlassen Sie die Schl\u00fcssel, RFID-Armb\u00e4nder und RFID-Chips im Haus am Schl\u00fcsselbrett.<\/p>\n<ul>\n<li><strong>Zus\u00e4tzliche Kosten sind beim Check-in in bar zu begleichen.<\/strong><\/li>\n<li><strong>Kurtaxe 2,50 pro Person f\u00fcr die Anzahl der \u00dcbernachtungen.<\/strong><\/li>\n<li><strong>Bettw\u00e4sche-Set 15,00 Euro pro Person und Aufenthalt<\/strong>, beinhaltet Bettlaken, Bettbezug, Kissenbezug, Bettdecke zum Einstecken in den Bettbezug.<\/li>\n<li><strong>Handtuch-Set 15,00 Euro pro Person und Aufenthalt<\/strong>, beinhaltet drei Handt\u00fccher (gro\u00df, mittel und klein)<\/li>\n<\/ul>\n<p>Besch\u00e4digung\/Verlust der M\u00fcllkarte 50,00 Euro, Schl\u00fcssel 100,00 Euro.<\/p>\n<p>Wir haften nicht f\u00fcr das Verschwinden von Gegenst\u00e4nden. Eventuelle Sch\u00e4den\/fehlende Gegenst\u00e4nde werden in Rechnung gestellt.<\/p>\n<p>Wir haften nicht f\u00fcr eventuelle St\u00f6rungen aufgrund eines vollst\u00e4ndigen oder teilweisen Ausfalls der Strom-, Wasser- oder Internetversorgung.<\/p>\n<p>Einheitliche Notrufnummer 112<\/p>\n<p>Mit der Best\u00e4tigung der Buchung und der Inanspruchnahme der gemieteten Einheit akzeptieren Sie die Hausordnung und verpflichten sich zu deren Einhaltung. Wir w\u00fcnschen Ihnen einen angenehmen Aufenthalt in unserem Haus und in Marina di Pisa. Whatsapp Maurizio +39 3315776329 Whatsapp Lorenzo +39 3357766286<\/p>\n<p class=\"p1\" style=\"text-align: left;\">Wir wohnen eine Autostunde entfernt, der Flughafentransfer kostet 10,00 Euro, bitte fragen Sie nach der Verf\u00fcgbarkeit.<\/p>\n\t\t<\/div>\n\t\t\t\t\t<\/div>\n\n\t\n<\/div>\n\t\t<\/div>\n\n\t\t\n<style>\n#section_2050529698 {\n  padding-top: 60px;\n  padding-bottom: 60px;\n  min-height: 300px;\n  background-color: rgb(245, 245, 245);\n}\n<\/style>\n\t<\/section>\n\t\n\n\t<section class=\"section\" id=\"section_1695480901\">\n\t\t<div class=\"section-bg fill\" >\n\t\t\t\t\t\t\t\t\t\n\t\t\t\n\t<div class=\"is-border\"\n\t\tstyle=\"border-color:rgb(235, 235, 235);border-width:1px 0px 0px 0px;\">\n\t<\/div>\n\n\t\t<\/div>\n\n\t\t\n\n\t\t<div class=\"section-content relative\">\n\t\t\t\n<div class=\"row row-large align-middle align-center\"  id=\"row-1470688274\">\n\n\t<div id=\"col-1421550710\" class=\"col medium-10 small-12 large-10\"  >\n\t\t\t\t<div class=\"col-inner box-shadow-2 box-shadow-5-hover\" style=\"background-color:rgb(94, 162, 28);\" >\n\t\t\t\n\t\t\t\n\t<div id=\"text-1338722835\" class=\"text\">\n\t\t\n<p style=\"text-align: center;\"><strong>Nach Abschluss Ihrer Buchung erhalten Sie eine Zusammenfassung per E-Mail mit einem Link zum Download des Vertrags. Bitte f\u00fcllen Sie den Vertrag aus und senden Sie ihn unterschrieben zur\u00fcck. Vielen Dank.<\/strong><\/p>\n\t\t\n<style>\n#text-1338722835 {\n  color: rgb(255,255,255);\n}\n#text-1338722835 > * {\n  color: rgb(255,255,255);\n}\n<\/style>\n\t<\/div>\n\t\n\t\t<\/div>\n\t\t\t\t\n<style>\n#col-1421550710 > .col-inner {\n  padding: 15px 15px 15px 15px;\n  border-radius: 20px;\n}\n<\/style>\n\t<\/div>\n\n\t\n<\/div>\n\t\t<\/div>\n\n\t\t\n<style>\n#section_1695480901 {\n  padding-top: 59px;\n  padding-bottom: 59px;\n  min-height: 300px;\n}\n<\/style>\n\t<\/section>\n\t\n","protected":false},"excerpt":{"rendered":"","protected":false},"author":1,"featured_media":0,"parent":0,"menu_order":0,"comment_status":"closed","ping_status":"closed","template":"","meta":{"slim_seo":{"title":"ALLGEMEINE GESCH\u00c4FTSBEDINGUNGEN - Gente di Mare Holiday House","description":"ALLGEMEINE GESCH\u00c4FTSBEDINGUNGEN gente di mare holiday house F\u00fcr einen angenehmen und sicheren Aufenthalt ist es notwendig, die Hausordnung zu kennen und zu befo"},"footnotes":""},"class_list":["post-213","page","type-page","status-publish","hentry"],"_links":{"self":[{"href":"https:\/\/gentedimarehh.it\/index.php\/wp-json\/wp\/v2\/pages\/213","targetHints":{"allow":["GET"]}}],"collection":[{"href":"https:\/\/gentedimarehh.it\/index.php\/wp-json\/wp\/v2\/pages"}],"about":[{"href":"https:\/\/gentedimarehh.it\/index.php\/wp-json\/wp\/v2\/types\/page"}],"author":[{"embeddable":true,"href":"https:\/\/gentedimarehh.it\/index.php\/wp-json\/wp\/v2\/users\/1"}],"replies":[{"embeddable":true,"href":"https:\/\/gentedimarehh.it\/index.php\/wp-json\/wp\/v2\/comments?post=213"}],"version-history":[{"count":7,"href":"https:\/\/gentedimarehh.it\/index.php\/wp-json\/wp\/v2\/pages\/213\/revisions"}],"predecessor-version":[{"id":269,"href":"https:\/\/gentedimarehh.it\/index.php\/wp-json\/wp\/v2\/pages\/213\/revisions\/269"}],"wp:attachment":[{"href":"https:\/\/gentedimarehh.it\/index.php\/wp-json\/wp\/v2\/media?parent=213"}],"curies":[{"name":"wp","href":"https:\/\/api.w.org\/{rel}","templated":true}]}}